{"id":1245,"date":"2026-02-19T08:44:25","date_gmt":"2026-02-19T08:44:25","guid":{"rendered":"https:\/\/eletesszencia.hu\/?page_id=1245"},"modified":"2026-02-19T08:53:37","modified_gmt":"2026-02-19T08:53:37","slug":"adatkezelesi-tajekoztato","status":"publish","type":"page","link":"https:\/\/eletesszencia.hu\/en\/adatkezelesi-tajekoztato\/","title":{"rendered":"Adatkezel\u00e9si t\u00e1j\u00e9koztat\u00f3"},"content":{"rendered":"<div data-elementor-type=\"wp-page\" data-elementor-id=\"1245\" class=\"elementor elementor-1245\" data-elementor-post-type=\"page\">\n\t\t\t\t\t\t<section class=\"elementor-section elementor-top-section elementor-element elementor-element-976928b elementor-section-boxed elementor-section-height-default elementor-section-height-default\" data-id=\"976928b\" data-element_type=\"section\" data-settings=\"{&quot;background_background&quot;:&quot;classic&quot;}\">\n\t\t\t\t\t\t\t<div class=\"elementor-background-overlay\"><\/div>\n\t\t\t\t\t\t\t<div class=\"elementor-container elementor-column-gap-default\">\n\t\t\t\t\t<div class=\"elementor-column elementor-col-100 elementor-top-column elementor-element elementor-element-33772d0\" data-id=\"33772d0\" data-element_type=\"column\">\n\t\t\t<div class=\"elementor-widget-wrap elementor-element-populated\">\n\t\t\t\t\t\t\t<\/div>\n\t\t<\/div>\n\t\t\t\t\t<\/div>\n\t\t<\/section>\n\t\t\t\t<section class=\"elementor-section elementor-top-section elementor-element elementor-element-34fd152 elementor-section-boxed elementor-section-height-default elementor-section-height-default\" data-id=\"34fd152\" data-element_type=\"section\">\n\t\t\t\t\t\t<div class=\"elementor-container elementor-column-gap-default\">\n\t\t\t\t\t<div class=\"elementor-column elementor-col-100 elementor-top-column elementor-element elementor-element-f661792 elementor-hidden-tablet\" data-id=\"f661792\" data-element_type=\"column\">\n\t\t\t<div class=\"elementor-widget-wrap elementor-element-populated\">\n\t\t\t\t\t\t<div class=\"elementor-element elementor-element-4fb6d45 elementor-widget elementor-widget-shortcode\" data-id=\"4fb6d45\" data-element_type=\"widget\" data-widget_type=\"shortcode.default\">\n\t\t\t\t<div class=\"elementor-widget-container\">\n\t\t\t\t\t\t\t<div class=\"elementor-shortcode\"><script id=\"barat_script\">var st = document.createElement(\"script\");st.src = \"\/\/admin.fogyasztobarat.hu\/e-api.js\";st.type = \"text\/javascript\";st.setAttribute(\"data-id\", \"RW40H75T\");st.setAttribute(\"id\", \"fbarat-embed\");st.setAttribute(\"data-type\", \"ws_at\");var s = document.getElementById(\"barat_script\");s.parentNode.insertBefore(st, s);<\/script>\n<\/div>\n\t\t\t\t\t\t<\/div>\n\t\t\t\t<\/div>\n\t\t\t\t\t<\/div>\n\t\t<\/div>\n\t\t\t\t\t<\/div>\n\t\t<\/section>\n\t\t\t\t<\/div>","protected":false},"excerpt":{"rendered":"","protected":false},"author":1,"featured_media":0,"parent":0,"menu_order":0,"comment_status":"closed","ping_status":"closed","template":"elementor_header_footer","meta":{"_acf_changed":false,"footnotes":""},"class_list":["post-1245","page","type-page","status-publish","hentry"],"acf":[],"yoast_head":"<!-- This site is optimized with the Yoast SEO Premium plugin v27.0 (Yoast SEO v27.2) - https:\/\/yoast.com\/product\/yoast-seo-premium-wordpress\/ -->\n<title>Adatkezel\u00e9si t\u00e1j\u00e9koztat\u00f3 - \u00c9letesszencia<\/title>\n<meta name=\"robots\" content=\"index, follow, max-snippet:-1, max-image-preview:large, max-video-preview:-1\" \/>\n<link rel=\"canonical\" href=\"https:\/\/eletesszencia.hu\/en\/adatkezelesi-tajekoztato\/\" \/>\n<meta property=\"og:locale\" content=\"en_US\" \/>\n<meta property=\"og:type\" content=\"article\" \/>\n<meta property=\"og:title\" content=\"Adatkezel\u00e9si t\u00e1j\u00e9koztat\u00f3\" \/>\n<meta property=\"og:url\" content=\"https:\/\/eletesszencia.hu\/en\/adatkezelesi-tajekoztato\/\" \/>\n<meta property=\"og:site_name\" content=\"\u00c9letesszencia\" \/>\n<meta property=\"article:modified_time\" content=\"2026-02-19T08:53:37+00:00\" \/>\n<meta name=\"twitter:card\" content=\"summary_large_image\" \/>\n<script type=\"application\/ld+json\" class=\"yoast-schema-graph\">{\"@context\":\"https:\/\/schema.org\",\"@graph\":[{\"@type\":\"WebPage\",\"@id\":\"https:\/\/eletesszencia.hu\/adatkezelesi-tajekoztato\/\",\"url\":\"https:\/\/eletesszencia.hu\/adatkezelesi-tajekoztato\/\",\"name\":\"Adatkezel\u00e9si t\u00e1j\u00e9koztat\u00f3 - \u00c9letesszencia\",\"isPartOf\":{\"@id\":\"https:\/\/eletesszencia.hu\/#website\"},\"datePublished\":\"2026-02-19T08:44:25+00:00\",\"dateModified\":\"2026-02-19T08:53:37+00:00\",\"breadcrumb\":{\"@id\":\"https:\/\/eletesszencia.hu\/adatkezelesi-tajekoztato\/#breadcrumb\"},\"inLanguage\":\"en-US\",\"potentialAction\":[{\"@type\":\"ReadAction\",\"target\":[\"https:\/\/eletesszencia.hu\/adatkezelesi-tajekoztato\/\"]}]},{\"@type\":\"BreadcrumbList\",\"@id\":\"https:\/\/eletesszencia.hu\/adatkezelesi-tajekoztato\/#breadcrumb\",\"itemListElement\":[{\"@type\":\"ListItem\",\"position\":1,\"name\":\"Home\",\"item\":\"https:\/\/eletesszencia.hu\/\"},{\"@type\":\"ListItem\",\"position\":2,\"name\":\"Adatkezel\u00e9si t\u00e1j\u00e9koztat\u00f3\"}]},{\"@type\":\"WebSite\",\"@id\":\"https:\/\/eletesszencia.hu\/#website\",\"url\":\"https:\/\/eletesszencia.hu\/\",\"name\":\"\u00c9letesszencia\",\"description\":\"M\u00e1nyoki Rita oldala\",\"publisher\":{\"@id\":\"https:\/\/eletesszencia.hu\/#organization\"},\"potentialAction\":[{\"@type\":\"SearchAction\",\"target\":{\"@type\":\"EntryPoint\",\"urlTemplate\":\"https:\/\/eletesszencia.hu\/?s={search_term_string}\"},\"query-input\":{\"@type\":\"PropertyValueSpecification\",\"valueRequired\":true,\"valueName\":\"search_term_string\"}}],\"inLanguage\":\"en-US\"},{\"@type\":\"Organization\",\"@id\":\"https:\/\/eletesszencia.hu\/#organization\",\"name\":\"\u00c9letesszencia\",\"url\":\"https:\/\/eletesszencia.hu\/\",\"logo\":{\"@type\":\"ImageObject\",\"inLanguage\":\"en-US\",\"@id\":\"https:\/\/eletesszencia.hu\/#\/schema\/logo\/image\/\",\"url\":\"https:\/\/eletesszencia.hu\/wp-content\/uploads\/2025\/12\/Manyoki-Rita-Logo.png\",\"contentUrl\":\"https:\/\/eletesszencia.hu\/wp-content\/uploads\/2025\/12\/Manyoki-Rita-Logo.png\",\"width\":1603,\"height\":1601,\"caption\":\"\u00c9letesszencia\"},\"image\":{\"@id\":\"https:\/\/eletesszencia.hu\/#\/schema\/logo\/image\/\"}}]}<\/script>\n<!-- \/ Yoast SEO Premium plugin. -->","yoast_head_json":{"title":"Adatkezel\u00e9si t\u00e1j\u00e9koztat\u00f3 - \u00c9letesszencia","robots":{"index":"index","follow":"follow","max-snippet":"max-snippet:-1","max-image-preview":"max-image-preview:large","max-video-preview":"max-video-preview:-1"},"canonical":"https:\/\/eletesszencia.hu\/en\/adatkezelesi-tajekoztato\/","og_locale":"en_US","og_type":"article","og_title":"Adatkezel\u00e9si t\u00e1j\u00e9koztat\u00f3","og_url":"https:\/\/eletesszencia.hu\/en\/adatkezelesi-tajekoztato\/","og_site_name":"\u00c9letesszencia","article_modified_time":"2026-02-19T08:53:37+00:00","twitter_card":"summary_large_image","schema":{"@context":"https:\/\/schema.org","@graph":[{"@type":"WebPage","@id":"https:\/\/eletesszencia.hu\/adatkezelesi-tajekoztato\/","url":"https:\/\/eletesszencia.hu\/adatkezelesi-tajekoztato\/","name":"Adatkezel\u00e9si t\u00e1j\u00e9koztat\u00f3 - \u00c9letesszencia","isPartOf":{"@id":"https:\/\/eletesszencia.hu\/#website"},"datePublished":"2026-02-19T08:44:25+00:00","dateModified":"2026-02-19T08:53:37+00:00","breadcrumb":{"@id":"https:\/\/eletesszencia.hu\/adatkezelesi-tajekoztato\/#breadcrumb"},"inLanguage":"en-US","potentialAction":[{"@type":"ReadAction","target":["https:\/\/eletesszencia.hu\/adatkezelesi-tajekoztato\/"]}]},{"@type":"BreadcrumbList","@id":"https:\/\/eletesszencia.hu\/adatkezelesi-tajekoztato\/#breadcrumb","itemListElement":[{"@type":"ListItem","position":1,"name":"Home","item":"https:\/\/eletesszencia.hu\/"},{"@type":"ListItem","position":2,"name":"Adatkezel\u00e9si t\u00e1j\u00e9koztat\u00f3"}]},{"@type":"WebSite","@id":"https:\/\/eletesszencia.hu\/#website","url":"https:\/\/eletesszencia.hu\/","name":"\u00c9letesszencia","description":"Rita M\u00e1nyoki's page","publisher":{"@id":"https:\/\/eletesszencia.hu\/#organization"},"potentialAction":[{"@type":"SearchAction","target":{"@type":"EntryPoint","urlTemplate":"https:\/\/eletesszencia.hu\/?s={search_term_string}"},"query-input":{"@type":"PropertyValueSpecification","valueRequired":true,"valueName":"search_term_string"}}],"inLanguage":"en-US"},{"@type":"Organization","@id":"https:\/\/eletesszencia.hu\/#organization","name":"\u00c9letesszencia","url":"https:\/\/eletesszencia.hu\/","logo":{"@type":"ImageObject","inLanguage":"en-US","@id":"https:\/\/eletesszencia.hu\/#\/schema\/logo\/image\/","url":"https:\/\/eletesszencia.hu\/wp-content\/uploads\/2025\/12\/Manyoki-Rita-Logo.png","contentUrl":"https:\/\/eletesszencia.hu\/wp-content\/uploads\/2025\/12\/Manyoki-Rita-Logo.png","width":1603,"height":1601,"caption":"\u00c9letesszencia"},"image":{"@id":"https:\/\/eletesszencia.hu\/#\/schema\/logo\/image\/"}}]}},"_links":{"self":[{"href":"https:\/\/eletesszencia.hu\/en\/wp-json\/wp\/v2\/pages\/1245","targetHints":{"allow":["GET"]}}],"collection":[{"href":"https:\/\/eletesszencia.hu\/en\/wp-json\/wp\/v2\/pages"}],"about":[{"href":"https:\/\/eletesszencia.hu\/en\/wp-json\/wp\/v2\/types\/page"}],"author":[{"embeddable":true,"href":"https:\/\/eletesszencia.hu\/en\/wp-json\/wp\/v2\/users\/1"}],"replies":[{"embeddable":true,"href":"https:\/\/eletesszencia.hu\/en\/wp-json\/wp\/v2\/comments?post=1245"}],"version-history":[{"count":4,"href":"https:\/\/eletesszencia.hu\/en\/wp-json\/wp\/v2\/pages\/1245\/revisions"}],"predecessor-version":[{"id":1250,"href":"https:\/\/eletesszencia.hu\/en\/wp-json\/wp\/v2\/pages\/1245\/revisions\/1250"}],"wp:attachment":[{"href":"https:\/\/eletesszencia.hu\/en\/wp-json\/wp\/v2\/media?parent=1245"}],"curies":[{"name":"wp","href":"https:\/\/api.w.org\/{rel}","templated":true}]}}